{"id":960,"date":"2015-02-26T14:36:58","date_gmt":"2015-02-26T19:36:58","guid":{"rendered":"https:\/\/geotech.ca\/?page_id=960"},"modified":"2022-09-07T16:45:34","modified_gmt":"2022-09-07T20:45:34","slug":"contacto","status":"publish","type":"page","link":"https:\/\/geotech.ca\/es\/contacto\/","title":{"rendered":"Contacto"},"content":{"rendered":"<p>Contacto.Con datos claros, la exploraci\u00f3n es m\u00e1s eficiente y menos costosa. Geotech tiene la experiencia para ayudarle a cumplir mejor con los objetivos de su proyecto.Solicite un presupuesto o p\u00f3ngase en contacto con nosotros para obtener m\u00e1s informaci\u00f3n.<\/p>\n<p>En Am\u00e9rica del Norte y Am\u00e9rica del Sur:\u00a0<a href=\"mailto:info@geotech.ca\">info@geotech.ca<\/a>\u00a0\u00a0\u00f3 <a href=\"mailto:sales@geotech.ca\">sales@geotech.ca<\/a><\/p>\n<p>En otra parte del mundo: <a href=\"mailto:sales@geotechairborne.com\">sales@geotechairborne.com<\/a><\/p>\n<p>Si desea ponerse en contacto con el personal de Geotech m\u00e1s cercano, por favor utilice los siguientes lugares indicados.<\/p>\n","protected":false},"excerpt":{"rendered":"<p>Contacto.Con datos claros, la exploraci\u00f3n es m\u00e1s eficiente y menos costosa. Geotech tiene la experiencia para ayudarle a &#8230;<\/p>\n","protected":false},"author":1,"featured_media":0,"parent":0,"menu_order":0,"comment_status":"open","ping_status":"open","template":"page-templates\/tpl-contact.php","meta":{"_acf_changed":false,"footnotes":""},"class_list":["post-960","page","type-page","status-publish","hentry"],"acf":[],"_links":{"self":[{"href":"https:\/\/geotech.ca\/es\/wp-json\/wp\/v2\/pages\/960","targetHints":{"allow":["GET"]}}],"collection":[{"href":"https:\/\/geotech.ca\/es\/wp-json\/wp\/v2\/pages"}],"about":[{"href":"https:\/\/geotech.ca\/es\/wp-json\/wp\/v2\/types\/page"}],"author":[{"embeddable":true,"href":"https:\/\/geotech.ca\/es\/wp-json\/wp\/v2\/users\/1"}],"replies":[{"embeddable":true,"href":"https:\/\/geotech.ca\/es\/wp-json\/wp\/v2\/comments?post=960"}],"version-history":[{"count":4,"href":"https:\/\/geotech.ca\/es\/wp-json\/wp\/v2\/pages\/960\/revisions"}],"predecessor-version":[{"id":964,"href":"https:\/\/geotech.ca\/es\/wp-json\/wp\/v2\/pages\/960\/revisions\/964"}],"wp:attachment":[{"href":"https:\/\/geotech.ca\/es\/wp-json\/wp\/v2\/media?parent=960"}],"curies":[{"name":"wp","href":"https:\/\/api.w.org\/{rel}","templated":true}]}}